{"id":24,"date":"2016-01-09T02:59:26","date_gmt":"2016-01-09T01:59:26","guid":{"rendered":"http:\/\/marc-singer.de\/?page_id=24"},"modified":"2026-01-04T21:40:39","modified_gmt":"2026-01-04T20:40:39","slug":"ueber-mich","status":"publish","type":"page","link":"https:\/\/www.marc-singer.de\/wpx\/ueber-mich\/","title":{"rendered":"\u00dcber mich"},"content":{"rendered":"\n<figure class=\"wp-block-image size-full is-resized\"><img loading=\"lazy\" decoding=\"async\" width=\"320\" height=\"240\" src=\"https:\/\/www.marc-singer.de\/wpx\/wp-content\/uploads\/2016\/01\/Portraet.jpg\" alt=\"\" class=\"wp-image-97\" style=\"width:320px;height:auto\" srcset=\"https:\/\/www.marc-singer.de\/wpx\/wp-content\/uploads\/2016\/01\/Portraet.jpg 320w, https:\/\/www.marc-singer.de\/wpx\/wp-content\/uploads\/2016\/01\/Portraet-300x225.jpg 300w\" sizes=\"auto, (max-width: 320px) 100vw, 320px\" \/><\/figure>\n\n\n\n<p>Mein Name ist Marc Martin Singer und ich bin 1981 im bayerisch-schw\u00e4bischen <a href=\"http:\/\/www.illertissen.de\" target=\"_blank\" rel=\"noopener\">Illertissen<\/a> geboren.<\/p>\n\n\n\n<p>Schon fr\u00fch hat mich Technik fasziniert, und zwar am meisten wenn technische Entwicklungen das Leben dauerhaft und tiefgreifend&nbsp;ver\u00e4ndern. In meiner Generation war es die Kommunikation, die durch&nbsp;Mobilfunk und&nbsp;Internet nachhaltig ver\u00e4ndert (und verbessert!) wurde.<\/p>\n\n\n\n<p>Dieses Interesse hat mich zum Studium der Technischen Informatik an der <a href=\"https:\/\/www.hs-ulm.de\" target=\"_blank\" rel=\"noopener\">Hochschule Ulm<\/a> gef\u00fchrt. Schon w\u00e4hrend des Studiums habe ich mich dabei auf systemnahe Softwareentwicklung spezialisiert. Nach der Diplomarbeit beim IBM Forschungszentrum in B\u00f6blingen war ich zuerst in der&nbsp;Consumer-Halbleiterindustrie t\u00e4tig. Seit 2010 entwickle ich bei <a href=\"https:\/\/www.esolutions.de\" target=\"_blank\" rel=\"noopener\">e.solutions<\/a> in <a href=\"http:\/\/www.ingolstadt.de\" target=\"_blank\" rel=\"noopener\">Ingolstadt<\/a> Infotainment-Systeme f\u00fcr den Volkswagen Konzern.<\/p>\n\n\n\n<p>In meiner Freizeit fotografiere ich gerne, am liebsten Architektur, St\u00e4dte und Landschaften. Die gelungensten Aufnahmen m\u00f6chte ich dabei auf dieser Website&nbsp;teilen.<\/p>\n\n\n\n<p>Ich hoffe, dass die Fotos dem\/r einen oder anderen gefallen. Falls Sie Aufnahmen weiterverwenden m\u00f6chten, geben Sie bitte kurz Bescheid, f\u00fcr welchen Einsatzzweck Sie die Aufnahmen benutzen m\u00f6chten.<\/p>\n\n\n\n<p>Gr\u00fc\u00dfe,<br>Marc Singer<\/p>\n\n\n\n<div class=\"wp-block-columns alignwide is-layout-flex wp-container-core-columns-is-layout-9d6595d7 wp-block-columns-is-layout-flex\"><\/div>\n","protected":false},"excerpt":{"rendered":"<p>Mein Name ist Marc Martin Singer und ich bin 1981 im bayerisch-schw\u00e4bischen Illertissen geboren. Schon fr\u00fch hat mich Technik fasziniert, und zwar am meisten wenn technische Entwicklungen das Leben dauerhaft und tiefgreifend&nbsp;ver\u00e4ndern. In meiner Generation war es die Kommunikation, die durch&nbsp;Mobilfunk und&nbsp;Internet nachhaltig ver\u00e4ndert (und verbessert!) wurde. Dieses Interesse hat mich zum Studium der Technischen [&hellip;]<\/p>\n","protected":false},"author":1,"featured_media":0,"parent":0,"menu_order":0,"comment_status":"closed","ping_status":"closed","template":"","meta":{"ngg_post_thumbnail":0,"footnotes":""},"class_list":["post-24","page","type-page","status-publish","hentry"],"_links":{"self":[{"href":"https:\/\/www.marc-singer.de\/wpx\/wp-json\/wp\/v2\/pages\/24","targetHints":{"allow":["GET"]}}],"collection":[{"href":"https:\/\/www.marc-singer.de\/wpx\/wp-json\/wp\/v2\/pages"}],"about":[{"href":"https:\/\/www.marc-singer.de\/wpx\/wp-json\/wp\/v2\/types\/page"}],"author":[{"embeddable":true,"href":"https:\/\/www.marc-singer.de\/wpx\/wp-json\/wp\/v2\/users\/1"}],"replies":[{"embeddable":true,"href":"https:\/\/www.marc-singer.de\/wpx\/wp-json\/wp\/v2\/comments?post=24"}],"version-history":[{"count":20,"href":"https:\/\/www.marc-singer.de\/wpx\/wp-json\/wp\/v2\/pages\/24\/revisions"}],"predecessor-version":[{"id":2375,"href":"https:\/\/www.marc-singer.de\/wpx\/wp-json\/wp\/v2\/pages\/24\/revisions\/2375"}],"wp:attachment":[{"href":"https:\/\/www.marc-singer.de\/wpx\/wp-json\/wp\/v2\/media?parent=24"}],"curies":[{"name":"wp","href":"https:\/\/api.w.org\/{rel}","templated":true}]}}