{"id":1303,"date":"2018-05-26T10:15:17","date_gmt":"2018-05-26T08:15:17","guid":{"rendered":"https:\/\/marc-singer.de\/?page_id=1303"},"modified":"2018-05-26T10:15:17","modified_gmt":"2018-05-26T08:15:17","slug":"datenschutzerklaerung","status":"publish","type":"page","link":"https:\/\/www.marc-singer.de\/wpx\/datenschutzerklaerung\/","title":{"rendered":"Datenschutzerkl\u00e4rung"},"content":{"rendered":"<h1>Datenschutzerkl\u00e4rung<\/h1>\n<p>Die Nutzung dieses Online-Angebots ist ohne Angabe personenbezogener Daten m\u00f6glich.<\/p>\n<p>Bei der Bereitstellung dieses Online-Angebots erfasst der Server, auf dem diese Seiten gehostet sind, standardm\u00e4\u00dfig Verbindungsdaten wie die IP-Adresse, von der die Anfrage gestellt wird, den verwendeten Internetbrowser, Betriebssystemtyp, Datum und Uhrzeit des Abrufs etc. (Serverlogfiles). Eine automatische Zuordnung zu Name, Adresse oder E-Mail-Adresse des Nutzers erfolgt nicht. Die Erfassung dieser Daten ist aus technischen Gr\u00fcnden erforderlich f\u00fcr die Auslieferung der Inhalte und die Optimierung des Angebots f\u00fcr die verwendeten Endger\u00e4te und kann ggf. auch zur Aufkl\u00e4rung einer missbr\u00e4uchlichen Nutzung dieses Angebots herangezogen werden.&nbsp;<\/p>\n<p>Auf dieser Webseite werden Dienste des Anbieters Google Inc., 1600 Amphitheatre Parkway, Mountain View, CA 94043, USA, eingebunden, um eine optimale Funktionalit\u00e4t der Seite, eine einheitliche, ansprechende und leicht verst\u00e4ndliche Darstellung f\u00fcr alle Nutzer und ein umfassendes Informationsangebot zu erm\u00f6glichen. Die verwendeten Dienste sind:<\/p>\n<ul>\n<li>Google Fonts<\/li>\n<\/ul>\n<p>Beim Laden von Webseiten, in die diese Dienste eingebunden sind, k\u00f6nnen automatisch gewisse personenbezogene Daten, inbesondere IP-Adressen, Zeit und Datum des Abrufs sowie Cookies, an den Diensteanbieter \u00fcbertragen werden. Google, Inc. unterliegt als Auftragsdatenverarbeiter den Bestimmungen der DSGVO und ver\u00f6ffentlicht eine Datenschutzerkl\u00e4rung unter folgender externen Adresse:&nbsp;<a href=\"https:\/\/policies.google.com\/privacy?hl=de\" target=\"_BLANK\">Datenschutzerkl\u00e4rung<\/a>. Der Verwendung von Cookies f\u00fcr die personalisierte Werbung im Internet kann unter folgender Adresse widersprochen werden:&nbsp;<a href=\"https:\/\/adssettings.google.com\/\" target=\"_BLANK\">Einstellungen f\u00fcr Werbung<\/a>. Ferner haben Sie selbst die M\u00f6glichkeit, Ihren Web-Browser so zu konfigurieren, dass keine Cookies \u00fcbertragen werden. Die \u00dcbertragung von IP-Adressen ist aus technischen Gr\u00fcnden bei jeglicher Nutzung des Internets unvermeidlich. Eine Zusammenf\u00fchrung der von diesen Diensten erhobenen Daten mit den bei marc-singer.de vorliegenden Daten erfolgt nicht.<\/p>\n","protected":false},"excerpt":{"rendered":"<p>Datenschutzerkl\u00e4rung Die Nutzung dieses Online-Angebots ist ohne Angabe personenbezogener Daten m\u00f6glich. Bei der Bereitstellung dieses Online-Angebots erfasst der Server, auf dem diese Seiten gehostet sind, standardm\u00e4\u00dfig Verbindungsdaten wie die IP-Adresse, von der die Anfrage gestellt wird, den verwendeten Internetbrowser, Betriebssystemtyp, Datum und Uhrzeit des Abrufs etc. (Serverlogfiles). Eine automatische Zuordnung zu Name, Adresse oder E-Mail-Adresse [&hellip;]<\/p>\n","protected":false},"author":1,"featured_media":0,"parent":0,"menu_order":0,"comment_status":"closed","ping_status":"closed","template":"","meta":{"ngg_post_thumbnail":0,"footnotes":""},"class_list":["post-1303","page","type-page","status-publish","hentry"],"_links":{"self":[{"href":"https:\/\/www.marc-singer.de\/wpx\/wp-json\/wp\/v2\/pages\/1303","targetHints":{"allow":["GET"]}}],"collection":[{"href":"https:\/\/www.marc-singer.de\/wpx\/wp-json\/wp\/v2\/pages"}],"about":[{"href":"https:\/\/www.marc-singer.de\/wpx\/wp-json\/wp\/v2\/types\/page"}],"author":[{"embeddable":true,"href":"https:\/\/www.marc-singer.de\/wpx\/wp-json\/wp\/v2\/users\/1"}],"replies":[{"embeddable":true,"href":"https:\/\/www.marc-singer.de\/wpx\/wp-json\/wp\/v2\/comments?post=1303"}],"version-history":[{"count":2,"href":"https:\/\/www.marc-singer.de\/wpx\/wp-json\/wp\/v2\/pages\/1303\/revisions"}],"predecessor-version":[{"id":1306,"href":"https:\/\/www.marc-singer.de\/wpx\/wp-json\/wp\/v2\/pages\/1303\/revisions\/1306"}],"wp:attachment":[{"href":"https:\/\/www.marc-singer.de\/wpx\/wp-json\/wp\/v2\/media?parent=1303"}],"curies":[{"name":"wp","href":"https:\/\/api.w.org\/{rel}","templated":true}]}}